{"id":105,"date":"2023-07-17T16:57:50","date_gmt":"2023-07-17T14:57:50","guid":{"rendered":"https:\/\/twdienstleistungen.de\/?page_id=105"},"modified":"2023-07-17T16:57:50","modified_gmt":"2023-07-17T14:57:50","slug":"rolllaeden-von-heroal","status":"publish","type":"page","link":"https:\/\/twdienstleistungen.de\/index.php\/rolllaeden-von-heroal\/","title":{"rendered":"Rolll\u00e4den von Heroal"},"content":{"rendered":"\n<p>Einbruchschutz und Sonnenschutz mit Rolll\u00e4den aus Heroal Profilen. <\/p>\n\n\n\n<p>Seit nunmehr 30 Jahren arbeiten wir schon mit Profilen von Heroal. Im Bereich Rollladen, sowie Fenster und T\u00fcrelemente. Wir liefern und montieren Sonnenschutz und Einbruchschutz f\u00fcr Ihr Heim. Garagentore als Rolltor oder Sektionaltor farblich passend zu Ihren Rolll\u00e4den.<\/p>\n\n\n\n<p><\/p>\n\n\n\n<div class=\"wp-block-media-text alignwide is-stacked-on-mobile\"><figure class=\"wp-block-media-text__media\"><img loading=\"lazy\" decoding=\"async\" width=\"676\" height=\"682\" src=\"https:\/\/twdienstleistungen.de\/wp-content\/uploads\/2023\/07\/71_3_Panzerfarben.jpg\" alt=\"\" class=\"wp-image-106 size-full\" srcset=\"https:\/\/twdienstleistungen.de\/wp-content\/uploads\/2023\/07\/71_3_Panzerfarben.jpg 676w, https:\/\/twdienstleistungen.de\/wp-content\/uploads\/2023\/07\/71_3_Panzerfarben-297x300.jpg 297w, https:\/\/twdienstleistungen.de\/wp-content\/uploads\/2023\/07\/71_3_Panzerfarben-150x150.jpg 150w\" sizes=\"auto, (max-width: 676px) 100vw, 676px\" \/><\/figure><div class=\"wp-block-media-text__content\">\n<p>Im Rollladenbereich entsteht ein U-Wert Vorteil im Fensterbereich von bis zu 42 Prozent unter den besten Voraussetzungen. Eine breite Farbpalette integriert Ihre Rolll\u00e4den in jede Fassade.<\/p>\n<\/div><\/div>\n","protected":false},"excerpt":{"rendered":"<p>Einbruchschutz und Sonnenschutz mit Rolll\u00e4den aus Heroal Profilen. Seit nunmehr 30 Jahren arbeiten wir schon mit Profilen von Heroal. Im Bereich Rollladen, sowie Fenster und T\u00fcrelemente. Wir liefern und montieren Sonnenschutz und Einbruchschutz f\u00fcr Ihr Heim. Garagentore als Rolltor oder Sektionaltor farblich passend zu Ihren Rolll\u00e4den. Im Rollladenbereich entsteht ein U-Wert Vorteil im Fensterbereich von [&hellip;]<\/p>\n","protected":false},"author":1,"featured_media":0,"parent":0,"menu_order":0,"comment_status":"closed","ping_status":"closed","template":"","meta":{"_monsterinsights_skip_tracking":false,"_monsterinsights_sitenote_active":false,"_monsterinsights_sitenote_note":"","_monsterinsights_sitenote_category":0,"footnotes":""},"class_list":["post-105","page","type-page","status-publish","hentry","post"],"_links":{"self":[{"href":"https:\/\/twdienstleistungen.de\/index.php\/wp-json\/wp\/v2\/pages\/105","targetHints":{"allow":["GET"]}}],"collection":[{"href":"https:\/\/twdienstleistungen.de\/index.php\/wp-json\/wp\/v2\/pages"}],"about":[{"href":"https:\/\/twdienstleistungen.de\/index.php\/wp-json\/wp\/v2\/types\/page"}],"author":[{"embeddable":true,"href":"https:\/\/twdienstleistungen.de\/index.php\/wp-json\/wp\/v2\/users\/1"}],"replies":[{"embeddable":true,"href":"https:\/\/twdienstleistungen.de\/index.php\/wp-json\/wp\/v2\/comments?post=105"}],"version-history":[{"count":2,"href":"https:\/\/twdienstleistungen.de\/index.php\/wp-json\/wp\/v2\/pages\/105\/revisions"}],"predecessor-version":[{"id":109,"href":"https:\/\/twdienstleistungen.de\/index.php\/wp-json\/wp\/v2\/pages\/105\/revisions\/109"}],"wp:attachment":[{"href":"https:\/\/twdienstleistungen.de\/index.php\/wp-json\/wp\/v2\/media?parent=105"}],"curies":[{"name":"wp","href":"https:\/\/api.w.org\/{rel}","templated":true}]}}