{"id":11,"date":"2023-06-26T05:32:07","date_gmt":"2023-06-26T03:32:07","guid":{"rendered":"https:\/\/twdienstleistungen.de\/?page_id=11"},"modified":"2025-11-10T15:08:04","modified_gmt":"2025-11-10T14:08:04","slug":"startseite","status":"publish","type":"page","link":"https:\/\/twdienstleistungen.de\/","title":{"rendered":"Startseite"},"content":{"rendered":"<div class=\"n2-section-smartslider fitvidsignore  n2_clear\" data-ssid=\"2\"><div id=\"n2-ss-2-align\" class=\"n2-ss-align\"><div class=\"n2-padding\"><div id=\"n2-ss-2\" data-creator=\"Smart Slider 3\" data-responsive=\"fullwidth\" class=\"n2-ss-slider n2-ow n2-has-hover n2notransition  \"><div class=\"n2-ss-slider-wrapper-inside\">\n        <div class=\"n2-ss-slider-1 n2_ss__touch_element n2-ow\">\n            <div class=\"n2-ss-slider-2 n2-ow\">\n                                                <div class=\"n2-ss-slider-3 n2-ow\">\n\n                    <div class=\"n2-ss-slide-backgrounds n2-ow-all\"><div class=\"n2-ss-slide-background\" data-public-id=\"1\" data-mode=\"fill\"><div class=\"n2-ss-slide-background-image\" data-blur=\"0\" data-opacity=\"100\" data-x=\"50\" data-y=\"50\" data-alt=\"\" data-title=\"\"><picture class=\"skip-lazy\" data-skip-lazy=\"1\"><img decoding=\"async\" src=\"\/\/twdienstleistungen.de\/wp-content\/uploads\/2023\/06\/wassertropfen_600x200.png\" alt=\"\" title=\"\" loading=\"lazy\" class=\"skip-lazy\" data-skip-lazy=\"1\"><\/picture><\/div><div data-color=\"RGBA(255,255,255,0)\" style=\"background-color: RGBA(255,255,255,0);\" class=\"n2-ss-slide-background-color\"><\/div><\/div><div class=\"n2-ss-slide-background\" data-public-id=\"2\" data-mode=\"fill\" aria-hidden=\"true\"><div class=\"n2-ss-slide-background-image\" data-blur=\"0\" data-opacity=\"100\" data-x=\"50\" data-y=\"50\" data-alt=\"\" data-title=\"\"><picture class=\"skip-lazy\" data-skip-lazy=\"1\"><img decoding=\"async\" src=\"\/\/twdienstleistungen.de\/wp-content\/uploads\/2023\/06\/house_600x200.png\" alt=\"\" title=\"\" loading=\"lazy\" class=\"skip-lazy\" data-skip-lazy=\"1\"><\/picture><\/div><div data-color=\"RGBA(255,255,255,0)\" style=\"background-color: RGBA(255,255,255,0);\" class=\"n2-ss-slide-background-color\"><\/div><\/div><div class=\"n2-ss-slide-background\" data-public-id=\"3\" data-mode=\"fill\" aria-hidden=\"true\"><div class=\"n2-ss-slide-background-image\" data-blur=\"0\" data-opacity=\"100\" data-x=\"50\" data-y=\"50\" data-alt=\"\" data-title=\"\"><picture class=\"skip-lazy\" data-skip-lazy=\"1\"><img decoding=\"async\" src=\"\/\/twdienstleistungen.de\/wp-content\/uploads\/2023\/06\/house_2_600x200.png\" alt=\"\" title=\"\" loading=\"lazy\" class=\"skip-lazy\" data-skip-lazy=\"1\"><\/picture><\/div><div data-color=\"RGBA(255,255,255,0)\" style=\"background-color: RGBA(255,255,255,0);\" class=\"n2-ss-slide-background-color\"><\/div><\/div><\/div>                    <div class=\"n2-ss-slider-4 n2-ow\">\n                        <svg xmlns=\"http:\/\/www.w3.org\/2000\/svg\" viewBox=\"0 0 1200 600\" data-related-device=\"desktopPortrait\" class=\"n2-ow n2-ss-preserve-size n2-ss-preserve-size--slider n2-ss-slide-limiter\"><\/svg><div data-first=\"1\" data-slide-duration=\"0\" data-id=\"3\" data-slide-public-id=\"1\" data-title=\"wassertropfen_600x200\" class=\"n2-ss-slide n2-ow  n2-ss-slide-3\"><div role=\"note\" class=\"n2-ss-slide--focus\" tabindex=\"-1\">wassertropfen_600x200<\/div><div class=\"n2-ss-layers-container n2-ss-slide-limiter n2-ow\"><div class=\"n2-ss-layer n2-ow n-uc-CflKNGTKdG1X\" data-sstype=\"slide\" data-pm=\"default\"><\/div><\/div><\/div><div data-slide-duration=\"0\" data-id=\"4\" data-slide-public-id=\"2\" aria-hidden=\"true\" data-title=\"house_600x200\" class=\"n2-ss-slide n2-ow  n2-ss-slide-4\"><div role=\"note\" class=\"n2-ss-slide--focus\" tabindex=\"-1\">house_600x200<\/div><div class=\"n2-ss-layers-container n2-ss-slide-limiter n2-ow\"><div class=\"n2-ss-layer n2-ow n-uc-1YCu1cd8W8P3\" data-sstype=\"slide\" data-pm=\"default\"><\/div><\/div><\/div><div data-slide-duration=\"0\" data-id=\"5\" data-slide-public-id=\"3\" aria-hidden=\"true\" data-title=\"house_2_600x200\" class=\"n2-ss-slide n2-ow  n2-ss-slide-5\"><div role=\"note\" class=\"n2-ss-slide--focus\" tabindex=\"-1\">house_2_600x200<\/div><div class=\"n2-ss-layers-container n2-ss-slide-limiter n2-ow\"><div class=\"n2-ss-layer n2-ow n-uc-ezmM79kLQEPT\" data-sstype=\"slide\" data-pm=\"default\"><\/div><\/div><\/div>                    <\/div>\n\n                                    <\/div>\n            <\/div>\n        <\/div>\n        <div class=\"n2-ss-slider-controls n2-ss-slider-controls-absolute-left-center\"><div style=\"--widget-offset:15px;\" class=\"n2-ss-widget nextend-arrow n2-ow-all nextend-arrow-previous  nextend-arrow-animated-fade\" data-hide-mobileportrait=\"1\" id=\"n2-ss-2-arrow-previous\" role=\"button\" aria-label=\"previous arrow\" tabindex=\"0\"><img loading=\"lazy\" decoding=\"async\" width=\"32\" height=\"32\" class=\"skip-lazy\" data-skip-lazy=\"1\" src=\"data:image\/svg+xml;base64,PHN2ZyB3aWR0aD0iMzIiIGhlaWdodD0iMzIiIHZpZXdCb3g9IjAgMCAzMiAzMiIgeG1sbnM9Imh0dHA6Ly93d3cudzMub3JnLzIwMDAvc3ZnIj4KICAgIDxwYXRoIGQ9Ik0xMS40MzMgMTUuOTkyTDIyLjY5IDUuNzEyYy4zOTMtLjM5LjM5My0xLjAzIDAtMS40Mi0uMzkzLS4zOS0xLjAzLS4zOS0xLjQyMyAwbC0xMS45OCAxMC45NGMtLjIxLjIxLS4zLjQ5LS4yODUuNzYtLjAxNS4yOC4wNzUuNTYuMjg0Ljc3bDExLjk4IDEwLjk0Yy4zOTMuMzkgMS4wMy4zOSAxLjQyNCAwIC4zOTMtLjQuMzkzLTEuMDMgMC0xLjQybC0xMS4yNTctMTAuMjkiCiAgICAgICAgICBmaWxsPSIjZmZmZmZmIiBvcGFjaXR5PSIwLjgiIGZpbGwtcnVsZT0iZXZlbm9kZCIvPgo8L3N2Zz4=\" alt=\"previous arrow\"><\/div><\/div><div class=\"n2-ss-slider-controls n2-ss-slider-controls-absolute-right-center\"><div style=\"--widget-offset:15px;\" class=\"n2-ss-widget nextend-arrow n2-ow-all nextend-arrow-next  nextend-arrow-animated-fade\" data-hide-mobileportrait=\"1\" id=\"n2-ss-2-arrow-next\" role=\"button\" aria-label=\"next arrow\" tabindex=\"0\"><img loading=\"lazy\" decoding=\"async\" width=\"32\" height=\"32\" class=\"skip-lazy\" data-skip-lazy=\"1\" src=\"data:image\/svg+xml;base64,PHN2ZyB3aWR0aD0iMzIiIGhlaWdodD0iMzIiIHZpZXdCb3g9IjAgMCAzMiAzMiIgeG1sbnM9Imh0dHA6Ly93d3cudzMub3JnLzIwMDAvc3ZnIj4KICAgIDxwYXRoIGQ9Ik0xMC43MjIgNC4yOTNjLS4zOTQtLjM5LTEuMDMyLS4zOS0xLjQyNyAwLS4zOTMuMzktLjM5MyAxLjAzIDAgMS40MmwxMS4yODMgMTAuMjgtMTEuMjgzIDEwLjI5Yy0uMzkzLjM5LS4zOTMgMS4wMiAwIDEuNDIuMzk1LjM5IDEuMDMzLjM5IDEuNDI3IDBsMTIuMDA3LTEwLjk0Yy4yMS0uMjEuMy0uNDkuMjg0LS43Ny4wMTQtLjI3LS4wNzYtLjU1LS4yODYtLjc2TDEwLjcyIDQuMjkzeiIKICAgICAgICAgIGZpbGw9IiNmZmZmZmYiIG9wYWNpdHk9IjAuOCIgZmlsbC1ydWxlPSJldmVub2RkIi8+Cjwvc3ZnPg==\" alt=\"next arrow\"><\/div><\/div><\/div><\/div><ss3-loader><\/ss3-loader><\/div><\/div><div class=\"n2_clear\"><\/div><\/div>\n\n\n<h2 class=\"wp-block-heading\">Wir haben f\u00fcr fast jedes Projekt die passenden L\u00f6sungen<\/h2>\n\n\n\n<p>Fenster &#8211; Rollladen &#8211; Markise &#8211; \u00dcberdach wir sind vom Fach<\/p>\n\n\n\n<p>In der heutigen Zeit sind die Funktionen von Bauelementen sowie Fenster, T\u00fcren, Rolll\u00e4den, wichtiger als je zuvor. Der W\u00e4rmeschutz spielt eine Immer gr\u00f6\u00dfere Rolle bei der Auswahl der richtigen Elemente. So war vor einigen Jahrzehnten noch einfach-Glas v\u00f6llig ok, sind wir heute schon bei dreifach-Multifunktionsgl\u00e4sern.<\/p>\n\n\n\n<p><\/p>\n\n\n\n<figure class=\"wp-block-image size-full is-resized\"><img loading=\"lazy\" decoding=\"async\" width=\"298\" height=\"169\" src=\"https:\/\/twdienstleistungen.de\/wp-content\/uploads\/2023\/06\/veka-dreifachglas.jpg\" alt=\"\" class=\"wp-image-36\" style=\"width:400px;height:261px\"\/><figcaption class=\"wp-element-caption\"><em>Kunststoffprofile f\u00fcr Fenster SOFTLINE 82 MD<\/em><\/figcaption><\/figure>\n\n\n\n<p>Bei der Auswahl der neuen <a href=\"https:\/\/twdienstleistungen.de\/index.php\/kunststoff-fenster-mit-profil\/\" data-type=\"page\" data-id=\"97\">Fenster<\/a> gibt es sehr viele Faktoren zu ber\u00fccksichtigen. Passen die Fenster zur Fassade, welche D\u00e4mmeigenschaften hat meine Fassade, kommen vielleicht noch Rolll\u00e4den infrage, Einbruchsicherheit passt der Stil zum Haus bis hin zur Farbe der Fenster gibt es viele Sachen zu ber\u00fccksichtigen. Bei der richtigen Auswahl der f\u00fcr Sie passenden <a href=\"https:\/\/twdienstleistungen.de\/index.php\/kunststoff-fenster-mit-profil\/\" data-type=\"page\" data-id=\"97\">Fenster<\/a> und Sonnenschutzsysteme sind wir gerne behilflich.<\/p>\n\n\n\n<p>Seit Jahrzehnten arbeiten wir mit regionalen Herstellern zusammen. Das garantiert kurze Lieferwege und sichert Arbeitspl\u00e4tze in der Region. Sollte mal etwas zu beanstanden sein sind alle vor ort und nicht im Ausland. So k\u00f6nnen alle Arbeiten schnell und unkomplizert erledigt werden.<\/p>\n\n\n\n<h2 class=\"wp-block-heading\">Rolll\u00e4den als Einbruch oder Sonnenschutz<\/h2>\n\n\n\n<div class=\"wp-block-media-text alignwide is-stacked-on-mobile\"><figure class=\"wp-block-media-text__media\"><img loading=\"lazy\" decoding=\"async\" width=\"1024\" height=\"682\" src=\"https:\/\/twdienstleistungen.de\/wp-content\/uploads\/2023\/07\/shutter-3299635_1280-1024x682.jpg\" alt=\"\" class=\"wp-image-112 size-full\" srcset=\"https:\/\/twdienstleistungen.de\/wp-content\/uploads\/2023\/07\/shutter-3299635_1280-1024x682.jpg 1024w, https:\/\/twdienstleistungen.de\/wp-content\/uploads\/2023\/07\/shutter-3299635_1280-300x200.jpg 300w, https:\/\/twdienstleistungen.de\/wp-content\/uploads\/2023\/07\/shutter-3299635_1280-768x512.jpg 768w, https:\/\/twdienstleistungen.de\/wp-content\/uploads\/2023\/07\/shutter-3299635_1280-272x182.jpg 272w, https:\/\/twdienstleistungen.de\/wp-content\/uploads\/2023\/07\/shutter-3299635_1280.jpg 1280w\" sizes=\"auto, (max-width: 1024px) 100vw, 1024px\" \/><\/figure><div class=\"wp-block-media-text__content\">\n<p>Morderne Rolll\u00e4den sch\u00fctzen nicht nur vor Einbruch sondern auch vor Sonneneinstrahlung und somit vor einer \u00dcberhitzung der Wohnung im Sommer. Im Winter tritt ein anderer angenehmer Effekt ein n\u00e4mlich die W\u00e4rme bleibt drinnen in der Wohnung. Gerade in Zeiten in denen Energie sehr teuer geworden ist macht sich die zus\u00e4tzliche Isolierung der Fenster bemerkbar.<\/p>\n<\/div><\/div>\n\n\n\n<h2 class=\"wp-block-heading\">Telefonanlagen und Netzwerktechnik<\/h2>\n\n\n\n<div class=\"wp-block-media-text alignwide has-media-on-the-right is-stacked-on-mobile\" style=\"grid-template-columns:auto 38%\"><div class=\"wp-block-media-text__content\">\n<p>Installation und Programmierung von <a href=\"https:\/\/twdienstleistungen.de\/index.php\/asterisk-telefonanlagen\/\" data-type=\"page\" data-id=\"68\">Asterisk Telefonanlagen<\/a>.<br>Sie brauchen eine individuelle L\u00f6sung f\u00fcr Ihr kleines bis mittelgro\u00dfes Unternehmen?<\/p>\n\n\n\n<p>Eine L\u00f6sung die immer erweitert werden kann und auf jede Gr\u00f6\u00dfe skalierbar ist bieten <a href=\"https:\/\/twdienstleistungen.de\/index.php\/asterisk-telefonanlagen\/\" data-type=\"page\" data-id=\"68\">Asterisk Telefonanlagen<\/a>. In Verbindung mit modernen Siptelefonen bieten sich fast unbegrenzte Moglichkeiten. <\/p>\n\n\n\n<p>Wir k\u00fcmmern uns um Ihr Netzwerk und erstellen VPN verbindungen zu Ihren Standorten. Wir entwickeln Konzepte f\u00fcr Ihr Unternehmen oder Kleinb\u00fcro.<\/p>\n<\/div><figure class=\"wp-block-media-text__media\"><img loading=\"lazy\" decoding=\"async\" width=\"1024\" height=\"682\" src=\"https:\/\/twdienstleistungen.de\/wp-content\/uploads\/2023\/07\/web-1463383_1280-1024x682.jpg\" alt=\"\" class=\"wp-image-115 size-full\" srcset=\"https:\/\/twdienstleistungen.de\/wp-content\/uploads\/2023\/07\/web-1463383_1280-1024x682.jpg 1024w, https:\/\/twdienstleistungen.de\/wp-content\/uploads\/2023\/07\/web-1463383_1280-300x200.jpg 300w, https:\/\/twdienstleistungen.de\/wp-content\/uploads\/2023\/07\/web-1463383_1280-768x512.jpg 768w, https:\/\/twdienstleistungen.de\/wp-content\/uploads\/2023\/07\/web-1463383_1280-272x182.jpg 272w, https:\/\/twdienstleistungen.de\/wp-content\/uploads\/2023\/07\/web-1463383_1280.jpg 1280w\" sizes=\"auto, (max-width: 1024px) 100vw, 1024px\" \/><\/figure><\/div>\n\n\n\n<h2 class=\"wp-block-heading\">Rollladen und Fenster Reparaturen<\/h2>\n\n\n\n<p>Eine unserer Kernaufgaben besteht in der Reparatur von Fenstern, Rolll\u00e4den und Markisen.<\/p>\n\n\n\n<p>Speziel bei \u00e4lteren Fenstern gibt schon mal der eine oder andere Beschlag nach vielen Jahren nach und das Fenster ist erstmal unbrauchbar. Defekte Beschl\u00e4ge dichten das Fenster in vielen F\u00e4llen auch nicht mehr richtig ab und es entsteht zugluft und W\u00e4rmeverluste. In Zeiten in denen Energie immer teuer wird, kann man es sich leider nicht mehr leisten f\u00fcr drau\u00dfen zu heizen. Es lohnt sich meist nachzuschauen ob eine Reparatur m\u00f6glich ist. In vielen F\u00e4llen mu\u00df das Fenster nicht gleich ersetzt werden, es kann sehr oft mit neuen Beschlagteilen und Nachstellarbeit gerettet werden.<\/p>\n\n\n\n<p>Auch Rollladengurte versagen im Laufe der Zeit ihren Dienst. Manchmal aus heiterem Himmel, manchmal kann man es allerdings voraussehen das der Gurt bald rei\u00dft. In diesem Fall sollte vorher, also bervor das Band abgerissen ist, gehandelt werden. Meistens kommt man wenn der Gurt erstmal abgerissen ist nicht mehr so gut an den Rollladen heran, gerade wenn der Rollladen im 3 Stock oder h\u00f6her ist.<\/p>\n\n\n\n<p>Ist der Gurt erstmal gerissen sollte in manchen F\u00e4llen gleich \u00fcber eine Umr\u00fcstung auf E-Motor nachgedacht werden. Dies ist in manchen F\u00e4llen gar nicht so viel teurer als gedacht. Nachfragen und ein Angebot machen lassen kostet nichts.<\/p>\n","protected":false},"excerpt":{"rendered":"<p>Wir haben f\u00fcr fast jedes Projekt die passenden L\u00f6sungen Fenster &#8211; Rollladen &#8211; Markise &#8211; \u00dcberdach wir sind vom Fach In der heutigen Zeit sind die Funktionen von Bauelementen sowie Fenster, T\u00fcren, Rolll\u00e4den, wichtiger als je zuvor. Der W\u00e4rmeschutz spielt eine Immer gr\u00f6\u00dfere Rolle bei der Auswahl der richtigen Elemente. So war vor einigen Jahrzehnten [&hellip;]<\/p>\n","protected":false},"author":1,"featured_media":0,"parent":0,"menu_order":0,"comment_status":"closed","ping_status":"closed","template":"","meta":{"_monsterinsights_skip_tracking":false,"_monsterinsights_sitenote_active":false,"_monsterinsights_sitenote_note":"","_monsterinsights_sitenote_category":0,"footnotes":""},"class_list":["post-11","page","type-page","status-publish","hentry","post"],"_links":{"self":[{"href":"https:\/\/twdienstleistungen.de\/index.php\/wp-json\/wp\/v2\/pages\/11","targetHints":{"allow":["GET"]}}],"collection":[{"href":"https:\/\/twdienstleistungen.de\/index.php\/wp-json\/wp\/v2\/pages"}],"about":[{"href":"https:\/\/twdienstleistungen.de\/index.php\/wp-json\/wp\/v2\/types\/page"}],"author":[{"embeddable":true,"href":"https:\/\/twdienstleistungen.de\/index.php\/wp-json\/wp\/v2\/users\/1"}],"replies":[{"embeddable":true,"href":"https:\/\/twdienstleistungen.de\/index.php\/wp-json\/wp\/v2\/comments?post=11"}],"version-history":[{"count":19,"href":"https:\/\/twdienstleistungen.de\/index.php\/wp-json\/wp\/v2\/pages\/11\/revisions"}],"predecessor-version":[{"id":121,"href":"https:\/\/twdienstleistungen.de\/index.php\/wp-json\/wp\/v2\/pages\/11\/revisions\/121"}],"wp:attachment":[{"href":"https:\/\/twdienstleistungen.de\/index.php\/wp-json\/wp\/v2\/media?parent=11"}],"curies":[{"name":"wp","href":"https:\/\/api.w.org\/{rel}","templated":true}]}}