{"id":68,"date":"2023-07-16T15:46:35","date_gmt":"2023-07-16T13:46:35","guid":{"rendered":"https:\/\/twdienstleistungen.de\/?page_id=68"},"modified":"2023-07-16T15:55:51","modified_gmt":"2023-07-16T13:55:51","slug":"asterisk-telefonanlagen","status":"publish","type":"page","link":"https:\/\/twdienstleistungen.de\/index.php\/asterisk-telefonanlagen\/","title":{"rendered":"Asterisk Telefonanlagen"},"content":{"rendered":"\n<p>Mit Asterisk Telefonanlagen hat Ihr kleines B\u00fcro oder Ihr gr\u00f6\u00dferes Untermehmen alle M\u00f6glichkeiten der modernen Kommunikation. Die Anlage w\u00e4chst mit Ihren Aufgaben, ohne jedes mal teure Zusatzmodule kaufen zu m\u00fcssen. Die Asteriskanlage bringt alles schon von Anfang an mit.<\/p>\n\n\n\n<ul class=\"wp-block-list\">\n<li>IVR &#8211; Elektronisches Sprachmen\u00fc um Anrufe an bestimmte Empf\u00e4nger zu leiten.<\/li>\n\n\n\n<li>Warteschleifen<\/li>\n\n\n\n<li>Anrufbeantworter f\u00fcr jede Nummer mit Mailzustellung<\/li>\n\n\n\n<li>Gespr\u00e4chsaufzeichnung<\/li>\n\n\n\n<li>Konfernzr\u00e4ume<\/li>\n\n\n\n<li>Jederzeit erweiterbare Nebenstellen<\/li>\n\n\n\n<li>Integrierte Firewall<\/li>\n<\/ul>\n\n\n\n<p><\/p>\n\n\n\n<div class=\"wp-block-media-text alignwide is-stacked-on-mobile\"><figure class=\"wp-block-media-text__media\"><img loading=\"lazy\" decoding=\"async\" width=\"1024\" height=\"682\" src=\"https:\/\/twdienstleistungen.de\/wp-content\/uploads\/2023\/07\/network-3524352_1280-1024x682.jpg\" alt=\"\" class=\"wp-image-73 size-full\" srcset=\"https:\/\/twdienstleistungen.de\/wp-content\/uploads\/2023\/07\/network-3524352_1280-1024x682.jpg 1024w, https:\/\/twdienstleistungen.de\/wp-content\/uploads\/2023\/07\/network-3524352_1280-300x200.jpg 300w, https:\/\/twdienstleistungen.de\/wp-content\/uploads\/2023\/07\/network-3524352_1280-768x512.jpg 768w, https:\/\/twdienstleistungen.de\/wp-content\/uploads\/2023\/07\/network-3524352_1280-272x182.jpg 272w, https:\/\/twdienstleistungen.de\/wp-content\/uploads\/2023\/07\/network-3524352_1280.jpg 1280w\" sizes=\"auto, (max-width: 1024px) 100vw, 1024px\" \/><\/figure><div class=\"wp-block-media-text__content\">\n<p>Die Anlage ist an fast jedem Anschluss innerhalb sehr kurzer Zeit betriebsbereit.<\/p>\n\n\n\n<p>Homeoffice Arbeitspl\u00e4tze k\u00f6nnen schnell und unkompliziert angebunden werden. Der Mitarbeiter telefoniert \u00fcber die Anlage als wenn er an seinem Arbeitsplatz sitzen w\u00fcrde und ist somit \u00fcberall unter seiner Durchwahl zu erreichen. Und das nahezu weltweit.<\/p>\n<\/div><\/div>\n","protected":false},"excerpt":{"rendered":"<p>Mit Asterisk Telefonanlagen hat Ihr kleines B\u00fcro oder Ihr gr\u00f6\u00dferes Untermehmen alle M\u00f6glichkeiten der modernen Kommunikation. Die Anlage w\u00e4chst mit Ihren Aufgaben, ohne jedes mal teure Zusatzmodule kaufen zu m\u00fcssen. Die Asteriskanlage bringt alles schon von Anfang an mit. Die Anlage ist an fast jedem Anschluss innerhalb sehr kurzer Zeit betriebsbereit. Homeoffice Arbeitspl\u00e4tze k\u00f6nnen schnell [&hellip;]<\/p>\n","protected":false},"author":1,"featured_media":0,"parent":0,"menu_order":0,"comment_status":"closed","ping_status":"closed","template":"","meta":{"_monsterinsights_skip_tracking":false,"_monsterinsights_sitenote_active":false,"_monsterinsights_sitenote_note":"","_monsterinsights_sitenote_category":0,"footnotes":""},"class_list":["post-68","page","type-page","status-publish","hentry","post"],"_links":{"self":[{"href":"https:\/\/twdienstleistungen.de\/index.php\/wp-json\/wp\/v2\/pages\/68","targetHints":{"allow":["GET"]}}],"collection":[{"href":"https:\/\/twdienstleistungen.de\/index.php\/wp-json\/wp\/v2\/pages"}],"about":[{"href":"https:\/\/twdienstleistungen.de\/index.php\/wp-json\/wp\/v2\/types\/page"}],"author":[{"embeddable":true,"href":"https:\/\/twdienstleistungen.de\/index.php\/wp-json\/wp\/v2\/users\/1"}],"replies":[{"embeddable":true,"href":"https:\/\/twdienstleistungen.de\/index.php\/wp-json\/wp\/v2\/comments?post=68"}],"version-history":[{"count":3,"href":"https:\/\/twdienstleistungen.de\/index.php\/wp-json\/wp\/v2\/pages\/68\/revisions"}],"predecessor-version":[{"id":74,"href":"https:\/\/twdienstleistungen.de\/index.php\/wp-json\/wp\/v2\/pages\/68\/revisions\/74"}],"wp:attachment":[{"href":"https:\/\/twdienstleistungen.de\/index.php\/wp-json\/wp\/v2\/media?parent=68"}],"curies":[{"name":"wp","href":"https:\/\/api.w.org\/{rel}","templated":true}]}}