{"id":75,"date":"2023-07-16T16:08:57","date_gmt":"2023-07-16T14:08:57","guid":{"rendered":"https:\/\/twdienstleistungen.de\/?page_id=75"},"modified":"2023-07-17T16:59:24","modified_gmt":"2023-07-17T14:59:24","slug":"unsere-dienstleistungen","status":"publish","type":"page","link":"https:\/\/twdienstleistungen.de\/index.php\/unsere-dienstleistungen\/","title":{"rendered":"Unsere Dienstleistungen"},"content":{"rendered":"\n<p>Qualit\u00e4tsfenster und T\u00fcren aus hochwertigen VEKA-Profilen<\/p>\n\n\n\n<p><a href=\"https:\/\/twdienstleistungen.de\/index.php\/rolllaeden-von-heroal\/\" data-type=\"page\" data-id=\"105\">Rolll\u00e4den<\/a> als Einbruch und Sonnenschutz<\/p>\n\n\n\n<p>Netzwerktechnik und Computer<\/p>\n\n\n\n<p><a href=\"https:\/\/twdienstleistungen.de\/index.php\/asterisk-telefonanlagen\/\" data-type=\"page\" data-id=\"68\">Asterisk Telefonanlagen<\/a> &#8211; Installation und Programmierung<\/p>\n\n\n\n<p>Erstellung von Webseiten &#8211; Portalen &#8211; CRS und CRM Anwendungen<\/p>\n","protected":false},"excerpt":{"rendered":"<p>Qualit\u00e4tsfenster und T\u00fcren aus hochwertigen VEKA-Profilen Rolll\u00e4den als Einbruch und Sonnenschutz Netzwerktechnik und Computer Asterisk Telefonanlagen &#8211; Installation und Programmierung Erstellung von Webseiten &#8211; Portalen &#8211; CRS und CRM Anwendungen<\/p>\n","protected":false},"author":1,"featured_media":0,"parent":0,"menu_order":0,"comment_status":"closed","ping_status":"closed","template":"","meta":{"_monsterinsights_skip_tracking":false,"_monsterinsights_sitenote_active":false,"_monsterinsights_sitenote_note":"","_monsterinsights_sitenote_category":0,"footnotes":""},"class_list":["post-75","page","type-page","status-publish","hentry","post"],"_links":{"self":[{"href":"https:\/\/twdienstleistungen.de\/index.php\/wp-json\/wp\/v2\/pages\/75","targetHints":{"allow":["GET"]}}],"collection":[{"href":"https:\/\/twdienstleistungen.de\/index.php\/wp-json\/wp\/v2\/pages"}],"about":[{"href":"https:\/\/twdienstleistungen.de\/index.php\/wp-json\/wp\/v2\/types\/page"}],"author":[{"embeddable":true,"href":"https:\/\/twdienstleistungen.de\/index.php\/wp-json\/wp\/v2\/users\/1"}],"replies":[{"embeddable":true,"href":"https:\/\/twdienstleistungen.de\/index.php\/wp-json\/wp\/v2\/comments?post=75"}],"version-history":[{"count":3,"href":"https:\/\/twdienstleistungen.de\/index.php\/wp-json\/wp\/v2\/pages\/75\/revisions"}],"predecessor-version":[{"id":110,"href":"https:\/\/twdienstleistungen.de\/index.php\/wp-json\/wp\/v2\/pages\/75\/revisions\/110"}],"wp:attachment":[{"href":"https:\/\/twdienstleistungen.de\/index.php\/wp-json\/wp\/v2\/media?parent=75"}],"curies":[{"name":"wp","href":"https:\/\/api.w.org\/{rel}","templated":true}]}}