{"id":97,"date":"2023-07-17T01:04:22","date_gmt":"2023-07-16T23:04:22","guid":{"rendered":"https:\/\/twdienstleistungen.de\/?page_id=97"},"modified":"2023-07-17T01:04:22","modified_gmt":"2023-07-16T23:04:22","slug":"kunststoff-fenster-mit-profil","status":"publish","type":"page","link":"https:\/\/twdienstleistungen.de\/index.php\/kunststoff-fenster-mit-profil\/","title":{"rendered":"Kunststoff-Fenster mit Profil"},"content":{"rendered":"\n<p>Moderne Bauelemente haben in der heutigen Zeit sehr hohe Anspr\u00fcche an Qualit\u00e4t und Belastungen. Moderne Bauelemente sind heute nicht mehr nur ein Fenster oder eine T\u00fcr sondern erf\u00fcllen auch hohe Anforderungen an den Bautenschutz.<\/p>\n\n\n\n<div class=\"wp-block-media-text alignwide is-stacked-on-mobile\" style=\"grid-template-columns:17% auto\"><figure class=\"wp-block-media-text__media\"><img loading=\"lazy\" decoding=\"async\" width=\"214\" height=\"236\" src=\"https:\/\/twdienstleistungen.de\/wp-content\/uploads\/2023\/07\/Veka_Logo.png\" alt=\"\" class=\"wp-image-99 size-full\"\/><\/figure><div class=\"wp-block-media-text__content\">\n<p>Wir setzen daher seit 3 Jahrzehnten auf Qualit\u00e4tsprofile von VEKA die nach DIN EN 12608 hergestellt werden und die in Deutschland h\u00f6chstm\u00f6gliche Profilqualit\u00e4t erf\u00fcllen.<\/p>\n\n\n\n<p>Eine Vielzahl von Farben und Oberfl\u00e4chen bieten individuelle Gestaltungsm\u00f6glichekeiten f\u00fcr Ihr Zuhause.<\/p>\n<\/div><\/div>\n\n\n\n<div class=\"wp-block-media-text alignwide has-media-on-the-right is-stacked-on-mobile\" style=\"grid-template-columns:auto 38%\"><div class=\"wp-block-media-text__content\">\n<p>Welche Farbe und welches Design am Besten zu Ihnen passt finden wir mit Ihnen zusammen vor Ort raus. Vereinbaren Sie einen unverbindlichen Termin.<\/p>\n<\/div><figure class=\"wp-block-media-text__media\"><img loading=\"lazy\" decoding=\"async\" width=\"540\" height=\"405\" src=\"https:\/\/twdienstleistungen.de\/wp-content\/uploads\/2023\/07\/bauherren-vekaspectral-2_res_4_3_w540-1.jpg\" alt=\"\" class=\"wp-image-101 size-full\" srcset=\"https:\/\/twdienstleistungen.de\/wp-content\/uploads\/2023\/07\/bauherren-vekaspectral-2_res_4_3_w540-1.jpg 540w, https:\/\/twdienstleistungen.de\/wp-content\/uploads\/2023\/07\/bauherren-vekaspectral-2_res_4_3_w540-1-300x225.jpg 300w\" sizes=\"auto, (max-width: 540px) 100vw, 540px\" \/><\/figure><\/div>\n","protected":false},"excerpt":{"rendered":"<p>Moderne Bauelemente haben in der heutigen Zeit sehr hohe Anspr\u00fcche an Qualit\u00e4t und Belastungen. Moderne Bauelemente sind heute nicht mehr nur ein Fenster oder eine T\u00fcr sondern erf\u00fcllen auch hohe Anforderungen an den Bautenschutz. Wir setzen daher seit 3 Jahrzehnten auf Qualit\u00e4tsprofile von VEKA die nach DIN EN 12608 hergestellt werden und die in Deutschland [&hellip;]<\/p>\n","protected":false},"author":1,"featured_media":0,"parent":0,"menu_order":0,"comment_status":"closed","ping_status":"closed","template":"","meta":{"_monsterinsights_skip_tracking":false,"_monsterinsights_sitenote_active":false,"_monsterinsights_sitenote_note":"","_monsterinsights_sitenote_category":0,"footnotes":""},"class_list":["post-97","page","type-page","status-publish","hentry","post"],"_links":{"self":[{"href":"https:\/\/twdienstleistungen.de\/index.php\/wp-json\/wp\/v2\/pages\/97","targetHints":{"allow":["GET"]}}],"collection":[{"href":"https:\/\/twdienstleistungen.de\/index.php\/wp-json\/wp\/v2\/pages"}],"about":[{"href":"https:\/\/twdienstleistungen.de\/index.php\/wp-json\/wp\/v2\/types\/page"}],"author":[{"embeddable":true,"href":"https:\/\/twdienstleistungen.de\/index.php\/wp-json\/wp\/v2\/users\/1"}],"replies":[{"embeddable":true,"href":"https:\/\/twdienstleistungen.de\/index.php\/wp-json\/wp\/v2\/comments?post=97"}],"version-history":[{"count":2,"href":"https:\/\/twdienstleistungen.de\/index.php\/wp-json\/wp\/v2\/pages\/97\/revisions"}],"predecessor-version":[{"id":103,"href":"https:\/\/twdienstleistungen.de\/index.php\/wp-json\/wp\/v2\/pages\/97\/revisions\/103"}],"wp:attachment":[{"href":"https:\/\/twdienstleistungen.de\/index.php\/wp-json\/wp\/v2\/media?parent=97"}],"curies":[{"name":"wp","href":"https:\/\/api.w.org\/{rel}","templated":true}]}}